{"id":29041,"date":"2017-04-03T18:08:19","date_gmt":"2017-04-03T16:08:19","guid":{"rendered":"http:\/\/www.gaho-consult.at\/gaho\/?page_id=29041"},"modified":"2017-08-28T16:42:52","modified_gmt":"2017-08-28T14:42:52","slug":"ueber-uns","status":"publish","type":"page","link":"https:\/\/www.gaho-consult.at\/gaho\/ueber-uns\/","title":{"rendered":"\u00dcber Uns"},"content":{"rendered":"<p>[et_pb_section bb_built=&#8220;1&#8243; admin_label=&#8220;Section&#8220; fullwidth=&#8220;off&#8220; specialty=&#8220;off&#8220; transparent_background=&#8220;off&#8220; background_color=&#8220;#6b6b6b&#8220; allow_player_pause=&#8220;off&#8220; inner_shadow=&#8220;off&#8220; parallax=&#8220;off&#8220; parallax_method=&#8220;off&#8220; padding_mobile=&#8220;off&#8220; make_fullwidth=&#8220;off&#8220; use_custom_width=&#8220;off&#8220; width_unit=&#8220;on&#8220; make_equal=&#8220;off&#8220; use_custom_gutter=&#8220;off&#8220; module_id=&#8220;dotover&#8220; custom_css_after=&#8220;content: %22%22;||background: url(&#8218;http:\/\/www.gaho-consult.at\/gaho\/wp-content\/uploads\/2017\/04\/texture.png&#8216;) repeat;||top: 0;||left: 0;||bottom: 0;||right: 0;||position: absolute;||z-index: 1;||&#8220; collapsed=&#8220;off&#8220;][et_pb_row admin_label=&#8220;Row&#8220; make_fullwidth=&#8220;off&#8220; use_custom_width=&#8220;off&#8220; width_unit=&#8220;on&#8220; use_custom_gutter=&#8220;off&#8220; allow_player_pause=&#8220;off&#8220; parallax=&#8220;off&#8220; parallax_method=&#8220;off&#8220; make_equal=&#8220;off&#8220; parallax_1=&#8220;off&#8220; parallax_method_1=&#8220;off&#8220; column_padding_mobile=&#8220;on&#8220; custom_padding=&#8220;1%||1%|&#8220; background_position=&#8220;top_left&#8220; background_repeat=&#8220;repeat&#8220; background_size=&#8220;initial&#8220;][et_pb_column type=&#8220;4_4&#8243;][et_pb_cta admin_label=&#8220;Headline \u00fcber uns&#8220; url_new_window=&#8220;off&#8220; use_background_color=&#8220;off&#8220; background_color=&#8220;#fcbf00&#8243; background_layout=&#8220;dark&#8220; text_orientation=&#8220;center&#8220; header_font_size=&#8220;50&#8243; header_font_size_tablet=&#8220;40&#8243; header_font_size_phone=&#8220;30&#8243; header_font_size_last_edited=&#8220;on|desktop&#8220; use_border_color=&#8220;off&#8220; border_color=&#8220;#ffffff&#8220; border_style=&#8220;solid&#8220; custom_button=&#8220;off&#8220; button_border_radius=&#8220;0&#8243; button_use_icon=&#8220;default&#8220; button_icon_placement=&#8220;right&#8220; button_on_hover=&#8220;on&#8220; button_letter_spacing_hover=&#8220;0&#8243; module_id=&#8220;toptext&#8220; custom_css_promo_title=&#8220;font-weight:800;&#8220; header_font=&#8220;Open Sans|||on|&#8220; header_text_color=&#8220;#ffffff&#8220; header_line_height=&#8220;1.4em&#8220; body_font=&#8220;Open Sans||||&#8220; body_font_size=&#8220;18&#8243; body_text_color=&#8220;#ffffff&#8220; body_line_height=&#8220;1.5em&#8220; custom_css_main_element=&#8220;position: relative; z-index: 10;&#8220; button_letter_spacing=&#8220;0&#8243; background_position=&#8220;top_left&#8220; background_repeat=&#8220;repeat&#8220; background_size=&#8220;initial&#8220;]<\/p>\n<h2><span style=\"color: #66ffff;\">\u00dcBER UNS<\/span><\/h2>\n<p>[\/et_pb_cta][\/et_pb_column][\/et_pb_row][\/et_pb_section][et_pb_section bb_built=&#8220;1&#8243; admin_label=&#8220;Section&#8220; fullwidth=&#8220;off&#8220; specialty=&#8220;off&#8220; transparent_background=&#8220;off&#8220; background_color=&#8220;#ffffff&#8220; allow_player_pause=&#8220;off&#8220; inner_shadow=&#8220;off&#8220; parallax=&#8220;off&#8220; parallax_method=&#8220;off&#8220; padding_mobile=&#8220;off&#8220; make_fullwidth=&#8220;off&#8220; use_custom_width=&#8220;off&#8220; width_unit=&#8220;on&#8220; make_equal=&#8220;off&#8220; use_custom_gutter=&#8220;off&#8220; module_id=&#8220;next1&#8243; collapsed=&#8220;off&#8220; disabled=&#8220;off&#8220; disabled_on=&#8220;||off&#8220;][et_pb_row background_position=&#8220;top_left&#8220; background_repeat=&#8220;repeat&#8220; background_size=&#8220;initial&#8220;][et_pb_column type=&#8220;1_4&#8243;][et_pb_text admin_label=&#8220;Pers\u00f6nliche Daten&#8220; background_layout=&#8220;light&#8220; text_orientation=&#8220;left&#8220; border_style=&#8220;solid&#8220; background_position=&#8220;top_left&#8220; background_repeat=&#8220;repeat&#8220; background_size=&#8220;initial&#8220; _builder_version=&#8220;3.0.65&#8243;]<\/p>\n<h3><strong>Pers\u00f6nliche Daten<\/strong><\/h3>\n<p>[\/et_pb_text][\/et_pb_column][et_pb_column type=&#8220;3_4&#8243;][et_pb_text admin_label=&#8220;Text Pers\u00f6nliche Daten&#8220; background_layout=&#8220;light&#8220; text_orientation=&#8220;left&#8220; border_style=&#8220;solid&#8220; background_position=&#8220;top_left&#8220; background_repeat=&#8220;repeat&#8220; background_size=&#8220;initial&#8220; _builder_version=&#8220;3.0.65&#8243;]<\/p>\n<p>Name: <strong>DI (FH) Horst Gamperl, CMC<\/strong><br \/>\nGeburtsdatum: 09.11.1959<br \/>\nGeburtsort: Wien<\/p>\n<p>[\/et_pb_text][\/et_pb_column][\/et_pb_row][et_pb_row background_position=&#8220;top_left&#8220; background_repeat=&#8220;repeat&#8220; background_size=&#8220;initial&#8220;][et_pb_column type=&#8220;1_4&#8243;][et_pb_text admin_label=&#8220;Ausbildung&#8220; background_layout=&#8220;light&#8220; text_orientation=&#8220;left&#8220; border_style=&#8220;solid&#8220; background_position=&#8220;top_left&#8220; background_repeat=&#8220;repeat&#8220; background_size=&#8220;initial&#8220; _builder_version=&#8220;3.0.65&#8243;]<\/p>\n<h4><strong>Ausbildung<\/strong><\/h4>\n<p>[\/et_pb_text][\/et_pb_column][et_pb_column type=&#8220;3_4&#8243;][et_pb_text admin_label=&#8220;Text Ausbildung&#8220; background_layout=&#8220;light&#8220; text_orientation=&#8220;left&#8220; border_style=&#8220;solid&#8220; background_position=&#8220;top_left&#8220; background_repeat=&#8220;repeat&#8220; background_size=&#8220;initial&#8220; _builder_version=&#8220;3.0.65&#8243;]<\/p>\n<p><strong>Universit\u00e4tslehrgang MEDIATION UND KONFLIKTREGELUNG<br \/>\n<\/strong>&#8222;Zertifizierter Mediator&#8220;<\/p>\n<p><strong>Akkreditierter Exportberater<\/strong><\/p>\n<p><strong>Zertifikat EN ISO\/IEC 17024<br \/>\n<\/strong>Certified Management Consultant (CMC)<\/p>\n<p><strong>Abschluss Studium<br \/>\n<\/strong>Fachhochschule f\u00fcr Wirtschaftsingenieurwesen<\/p>\n<p><strong>Berufsausbildung<br \/>\n<\/strong>TGM-Betriebstechnik (heute HTL Wirtschaftsingenieurwesen)<\/p>\n<p><strong>Schulabschluss<br \/>\n<\/strong>Matura<\/p>\n<p>[\/et_pb_text][\/et_pb_column][\/et_pb_row][et_pb_row background_position=&#8220;top_left&#8220; background_repeat=&#8220;repeat&#8220; background_size=&#8220;initial&#8220;][et_pb_column type=&#8220;1_4&#8243;][et_pb_text admin_label=&#8220;Aktuelle Situation&#8220; background_layout=&#8220;light&#8220; text_orientation=&#8220;left&#8220; border_style=&#8220;solid&#8220; background_position=&#8220;top_left&#8220; background_repeat=&#8220;repeat&#8220; background_size=&#8220;initial&#8220; _builder_version=&#8220;3.0.65&#8243;]<\/p>\n<h4><strong>Aktuelle Situation<\/strong><\/h4>\n<p>[\/et_pb_text][\/et_pb_column][et_pb_column type=&#8220;3_4&#8243;][et_pb_text admin_label=&#8220;Text Aktuelle Situation&#8220; background_layout=&#8220;light&#8220; text_orientation=&#8220;left&#8220; border_style=&#8220;solid&#8220; background_position=&#8220;top_left&#8220; background_repeat=&#8220;repeat&#8220; background_size=&#8220;initial&#8220; _builder_version=&#8220;3.0.65&#8243;]<\/p>\n<p><strong>Firmengr\u00fcndung 2008<br \/>\n<\/strong>GAHO-Consult GmbH<\/p>\n<p><strong>selbstst\u00e4ndige T\u00e4tigkeit<\/strong><br \/>\nUnternehmensberatung<br \/>\nLogistikberatung und Schulung<\/p>\n<p>[\/et_pb_text][\/et_pb_column][\/et_pb_row][et_pb_row background_position=&#8220;top_left&#8220; background_repeat=&#8220;repeat&#8220; background_size=&#8220;initial&#8220;][et_pb_column type=&#8220;1_4&#8243;][et_pb_text admin_label=&#8220;Kompetenzen&#8220; background_layout=&#8220;light&#8220; text_orientation=&#8220;left&#8220; border_style=&#8220;solid&#8220; background_position=&#8220;top_left&#8220; background_repeat=&#8220;repeat&#8220; background_size=&#8220;initial&#8220; _builder_version=&#8220;3.0.65&#8243;]<\/p>\n<h4><strong>Kompetenzen<\/strong><\/h4>\n<p>[\/et_pb_text][\/et_pb_column][et_pb_column type=&#8220;3_4&#8243;][et_pb_text admin_label=&#8220;Text Kompetenzen&#8220; background_layout=&#8220;light&#8220; text_orientation=&#8220;left&#8220; border_style=&#8220;solid&#8220; background_position=&#8220;top_left&#8220; background_repeat=&#8220;repeat&#8220; background_size=&#8220;initial&#8220; _builder_version=&#8220;3.0.65&#8243;]<\/p>\n<p><strong>Logistik (allgemein)<br \/>\n<\/strong>Planung, Umstrukturierung und Implementierung des Material- und Informationsflusses im Logistikprozess, Schulungen<\/p>\n<p><strong>Mediation &amp; Konfliktregelung<br \/>\n<\/strong>Mediation zwischen Unternehmen, innerbetriebliche Mediation, Mediation bei Betriebs\u00fcbergaben, Lehrlingsmediation<strong>\u00a0<\/strong><\/p>\n<p><strong>Projektentwicklung, Prozessmanagement, IT-Entwicklung<br \/>\n<\/strong>von der Idee bis zum bau- bzw. umsetzungsreifen Projekt, Realisierung<br \/>\nProzessmodellierung als Basis f\u00fcr die Software- Programmierung<\/p>\n<p>[\/et_pb_text][\/et_pb_column][\/et_pb_row][et_pb_row][et_pb_column type=&#8220;1_4&#8243;][et_pb_text admin_label=&#8220;Ver\u00f6ffentlichungen&#8220; background_layout=&#8220;light&#8220; text_orientation=&#8220;left&#8220; border_style=&#8220;solid&#8220; background_position=&#8220;top_left&#8220; background_repeat=&#8220;repeat&#8220; background_size=&#8220;initial&#8220; _builder_version=&#8220;3.0.65&#8243;]<\/p>\n<h4><strong>Ver\u00f6ffentlichungen<\/strong><\/h4>\n<p>[\/et_pb_text][\/et_pb_column][et_pb_column type=&#8220;3_4&#8243;][et_pb_text admin_label=&#8220;Text Ver\u00f6ffentlichungen&#8220; background_layout=&#8220;light&#8220; text_orientation=&#8220;left&#8220; border_style=&#8220;solid&#8220; background_position=&#8220;top_left&#8220; background_repeat=&#8220;repeat&#8220; background_size=&#8220;initial&#8220; _builder_version=&#8220;3.0.65&#8243;]<\/p>\n<p><strong>Einsatzbereiche der RFID-Technologie mit Schwerpunkt Logistik<\/strong><br \/>\n<strong>(ISBN: <a href=\"https:\/\/www.amazon.de\/Einsatzbereiche-RFID-Technologie-SchwerpunktLogistik-Entwicklungs-undVerbesserungspotentialen\/dp\/3639077083\/\">978-3-639-07708-7<\/a>) <\/strong><\/p>\n<p>[\/et_pb_text][\/et_pb_column][\/et_pb_row][\/et_pb_section][et_pb_section bb_built=&#8220;1&#8243; fullwidth=&#8220;off&#8220; specialty=&#8220;off&#8220;][et_pb_row background_position=&#8220;top_left&#8220; background_repeat=&#8220;repeat&#8220; background_size=&#8220;initial&#8220;][et_pb_column type=&#8220;4_4&#8243;][et_pb_button admin_label=&#8220;zur\u00fcck zu \u00fcber uns&#8220; button_url=&#8220;http:\/\/www.gaho-consult.at\/#ueberuns&#8220; url_new_window=&#8220;off&#8220; button_text=&#8220;zur\u00fcck zu \u00fcber uns&#8220; button_alignment=&#8220;center&#8220; background_layout=&#8220;light&#8220; custom_button=&#8220;on&#8220; button_letter_spacing=&#8220;0&#8243; button_icon_placement=&#8220;left&#8220; button_letter_spacing_hover=&#8220;0&#8243; button_icon=&#8220;%%19%%&#8220; _builder_version=&#8220;3.0.65&#8243; button_text_color=&#8220;#66ffff&#8220; \/][\/et_pb_column][\/et_pb_row][\/et_pb_section][et_pb_section bb_built=&#8220;1&#8243; fullwidth=&#8220;off&#8220; specialty=&#8220;off&#8220;][et_pb_row background_position=&#8220;top_left&#8220; background_repeat=&#8220;repeat&#8220; background_size=&#8220;initial&#8220;][et_pb_column type=&#8220;4_4&#8243;][et_pb_text admin_label=&#8220;Headline Unternehmensberatung&#8220; background_layout=&#8220;light&#8220; text_orientation=&#8220;left&#8220; border_style=&#8220;solid&#8220; header_text_color=&#8220;#494949&#8243; background_position=&#8220;top_left&#8220; background_repeat=&#8220;repeat&#8220; background_size=&#8220;initial&#8220; _builder_version=&#8220;3.0.65&#8243;]<\/p>\n<h3><strong>Unternehmensberatung<\/strong><\/h3>\n<p><strong>Entwicklung<br \/>\n<\/strong><\/p>\n<p>[\/et_pb_text][\/et_pb_column][\/et_pb_row][et_pb_row background_position=&#8220;top_left&#8220; background_repeat=&#8220;repeat&#8220; background_size=&#8220;initial&#8220;][et_pb_column type=&#8220;1_4&#8243;][et_pb_text admin_label=&#8220;ab 02\/2016&#8243; background_layout=&#8220;light&#8220; text_orientation=&#8220;left&#8220; border_style=&#8220;solid&#8220; background_position=&#8220;top_left&#8220; background_repeat=&#8220;repeat&#8220; background_size=&#8220;initial&#8220; _builder_version=&#8220;3.0.65&#8243;]<\/p>\n<p><strong>ab 02\/2016<\/strong><\/p>\n<p>[\/et_pb_text][\/et_pb_column][et_pb_column type=&#8220;3_4&#8243;][et_pb_text admin_label=&#8220;zertifizierter Mediator&#8220; background_layout=&#8220;light&#8220; text_orientation=&#8220;left&#8220; border_style=&#8220;solid&#8220; background_position=&#8220;top_left&#8220; background_repeat=&#8220;repeat&#8220; background_size=&#8220;initial&#8220; _builder_version=&#8220;3.0.65&#8243;]<\/p>\n<p><strong>zertifizierter Mediator<br \/>\n<\/strong>Schwerpunkt Wirtschaftsmediation<\/p>\n<p><strong>\u00a0<\/strong><\/p>\n<p>[\/et_pb_text][\/et_pb_column][\/et_pb_row][et_pb_row background_position=&#8220;top_left&#8220; background_repeat=&#8220;repeat&#8220; background_size=&#8220;initial&#8220;][et_pb_column type=&#8220;1_4&#8243;][et_pb_text admin_label=&#8220;ab 11\/2009&#8243; background_layout=&#8220;light&#8220; text_orientation=&#8220;left&#8220; border_style=&#8220;solid&#8220; background_position=&#8220;top_left&#8220; background_repeat=&#8220;repeat&#8220; background_size=&#8220;initial&#8220; _builder_version=&#8220;3.0.65&#8243;]<\/p>\n<p><strong>ab 11\/2009<\/strong><\/p>\n<p>[\/et_pb_text][\/et_pb_column][et_pb_column type=&#8220;3_4&#8243;][et_pb_text admin_label=&#8220;Unternehemensberatung&#8220; background_layout=&#8220;light&#8220; text_orientation=&#8220;left&#8220; border_style=&#8220;solid&#8220; background_position=&#8220;top_left&#8220; background_repeat=&#8220;repeat&#8220; background_size=&#8220;initial&#8220; _builder_version=&#8220;3.0.65&#8243;]<\/p>\n<p><strong>Unternehmensberatung<br \/>\n<\/strong>einschlie\u00dflich Unternehmensorganisation ohne Einschr\u00e4nkung<\/p>\n<p>[\/et_pb_text][\/et_pb_column][\/et_pb_row][et_pb_row background_position=&#8220;top_left&#8220; background_repeat=&#8220;repeat&#8220; background_size=&#8220;initial&#8220;][et_pb_column type=&#8220;1_4&#8243;][et_pb_text admin_label=&#8220;ab 06\/2008&#8243; background_layout=&#8220;light&#8220; text_orientation=&#8220;left&#8220; border_style=&#8220;solid&#8220; background_position=&#8220;top_left&#8220; background_repeat=&#8220;repeat&#8220; background_size=&#8220;initial&#8220; _builder_version=&#8220;3.0.65&#8243;]<\/p>\n<p><strong>ab 06\/2008<\/strong><\/p>\n<p>[\/et_pb_text][\/et_pb_column][et_pb_column type=&#8220;3_4&#8243;][et_pb_text admin_label=&#8220;Gesch\u00e4ftsf\u00fchrer GAHO-Consult GmbH&#8220; background_layout=&#8220;light&#8220; text_orientation=&#8220;left&#8220; border_style=&#8220;solid&#8220; background_position=&#8220;top_left&#8220; background_repeat=&#8220;repeat&#8220; background_size=&#8220;initial&#8220; _builder_version=&#8220;3.0.65&#8243;]<\/p>\n<p><strong>Gesch\u00e4ftsf\u00fchrer GAHO-Consult GmbH<br \/>\n<\/strong>Unternehmensberatung einschlie\u00dflich Unternehmensorganisation<br \/>\nLogistikberatung und Schulung<strong><br \/>\n<\/strong><\/p>\n<p>[\/et_pb_text][\/et_pb_column][\/et_pb_row][et_pb_row background_position=&#8220;top_left&#8220; background_repeat=&#8220;repeat&#8220; background_size=&#8220;initial&#8220;][et_pb_column type=&#8220;1_4&#8243;][et_pb_text admin_label=&#8220;01\/2005 &#8211; 05\/2008&#8243; background_layout=&#8220;light&#8220; text_orientation=&#8220;left&#8220; border_style=&#8220;solid&#8220; background_position=&#8220;top_left&#8220; background_repeat=&#8220;repeat&#8220; background_size=&#8220;initial&#8220; _builder_version=&#8220;3.0.65&#8243;]<\/p>\n<p><strong>01\/2005 &#8211; 05\/2008<\/strong><\/p>\n<p>[\/et_pb_text][\/et_pb_column][et_pb_column type=&#8220;3_4&#8243;][et_pb_text admin_label=&#8220;Einzelunternehmen GAHO-Consult&#8220; background_layout=&#8220;light&#8220; text_orientation=&#8220;left&#8220; border_style=&#8220;solid&#8220; background_position=&#8220;top_left&#8220; background_repeat=&#8220;repeat&#8220; background_size=&#8220;initial&#8220; _builder_version=&#8220;3.0.65&#8243;]<\/p>\n<p><strong>Einzelunternehmen GAHO-Consult<\/strong><br \/>\nUnternehmensberatung einschlie\u00dflich Unternehmensorganisation eingeschr\u00e4nkt auf Logistik<\/p>\n<p>[\/et_pb_text][\/et_pb_column][\/et_pb_row][\/et_pb_section][et_pb_section bb_built=&#8220;1&#8243; fullwidth=&#8220;off&#8220; specialty=&#8220;off&#8220;][et_pb_row background_position=&#8220;top_left&#8220; background_repeat=&#8220;repeat&#8220; background_size=&#8220;initial&#8220;][et_pb_column type=&#8220;4_4&#8243;][et_pb_button admin_label=&#8220;zur\u00fcck zu \u00fcber uns&#8220; button_url=&#8220;http:\/\/www.gaho-consult.at\/#ueberuns&#8220; url_new_window=&#8220;off&#8220; button_text=&#8220;zur\u00fcck zu \u00fcber uns&#8220; button_alignment=&#8220;center&#8220; background_layout=&#8220;light&#8220; custom_button=&#8220;on&#8220; button_letter_spacing=&#8220;0&#8243; button_icon_placement=&#8220;left&#8220; button_letter_spacing_hover=&#8220;0&#8243; button_icon=&#8220;%%19%%&#8220; _builder_version=&#8220;3.0.65&#8243; button_text_color=&#8220;#66ffff&#8220; \/][\/et_pb_column][\/et_pb_row][\/et_pb_section]<\/p>\n","protected":false},"excerpt":{"rendered":"<p>\u00dcBER UNS Pers\u00f6nliche Daten Name: DI (FH) Horst Gamperl, CMC Geburtsdatum: 09.11.1959 Geburtsort: Wien Ausbildung Universit\u00e4tslehrgang MEDIATION UND KONFLIKTREGELUNG &#8222;Zertifizierter Mediator&#8220; Akkreditierter Exportberater Zertifikat EN ISO\/IEC 17024 Certified Management Consultant (CMC) Abschluss Studium Fachhochschule f\u00fcr Wirtschaftsingenieurwesen Berufsausbildung TGM-Betriebstechnik (heute HTL Wirtschaftsingenieurwesen) Schulabschluss Matura Aktuelle Situation Firmengr\u00fcndung 2008 GAHO-Consult GmbH selbstst\u00e4ndige T\u00e4tigkeit Unternehmensberatung Logistikberatung und Schulung [&hellip;]<\/p>\n","protected":false},"author":5,"featured_media":0,"parent":0,"menu_order":0,"comment_status":"closed","ping_status":"closed","template":"","meta":{"_et_pb_use_builder":"on","_et_pb_old_content":"","_et_gb_content_width":""},"_links":{"self":[{"href":"https:\/\/www.gaho-consult.at\/gaho\/wp-json\/wp\/v2\/pages\/29041"}],"collection":[{"href":"https:\/\/www.gaho-consult.at\/gaho\/wp-json\/wp\/v2\/pages"}],"about":[{"href":"https:\/\/www.gaho-consult.at\/gaho\/wp-json\/wp\/v2\/types\/page"}],"author":[{"embeddable":true,"href":"https:\/\/www.gaho-consult.at\/gaho\/wp-json\/wp\/v2\/users\/5"}],"replies":[{"embeddable":true,"href":"https:\/\/www.gaho-consult.at\/gaho\/wp-json\/wp\/v2\/comments?post=29041"}],"version-history":[{"count":39,"href":"https:\/\/www.gaho-consult.at\/gaho\/wp-json\/wp\/v2\/pages\/29041\/revisions"}],"predecessor-version":[{"id":29407,"href":"https:\/\/www.gaho-consult.at\/gaho\/wp-json\/wp\/v2\/pages\/29041\/revisions\/29407"}],"wp:attachment":[{"href":"https:\/\/www.gaho-consult.at\/gaho\/wp-json\/wp\/v2\/media?parent=29041"}],"curies":[{"name":"wp","href":"https:\/\/api.w.org\/{rel}","templated":true}]}}